{"id":88,"date":"2022-12-15T10:03:49","date_gmt":"2022-12-15T09:03:49","guid":{"rendered":"https:\/\/www.creation-boutiques.fr\/prestashop\/?page_id=88"},"modified":"2026-01-08T16:00:17","modified_gmt":"2026-01-08T15:00:17","slug":"mentions-legales","status":"publish","type":"page","link":"https:\/\/www.creation-boutiques.fr\/prestashop\/mentions-legales\/","title":{"rendered":"Mentions L\u00e9gales"},"content":{"rendered":"<section class=\"section section_content\" style=\"background: \">\n    <div class=\"content-block\">\n        <div class=\"content-block_container container content-block_container-no_img no_bg\">\n            <div class=\"content-block_content\">\n                \n                                    <div class=\"content_title\"><h2>Mentions L\u00e9gales<\/h2>\n<\/div>\n                \n                                    <div class=\"article_p\">\n                        <h3 style=\"text-align: left;\">CAP &#8211; Cr\u00e9ation Boutiques<\/h3>\n<p>Si\u00e8ge social :<br \/>\nAll\u00e9e du 09 novembre 1989<br \/>\nZ.A de la Garde \u2013 B\u00e2t 2<br \/>\n49240 AVRILL\u00c9<br \/>\nNum\u00e9ro de t\u00e9l\u00e9phone : 02 41 47 17 32<br \/>\nE-mail : patrice@creation-boutiques.fr<br \/>\nSiret : RCS ANGERS 498 184 852 00040 TVA Intra : FR 05498184852<\/p>\n<p>Directeur de publication : Patrice Calvez<\/p>\n<p>&nbsp;<\/p>\n<h3 style=\"text-align: left;\">H\u00e9bergement<\/h3>\n<p style=\"text-align: left;\">OVH<\/p>\n<p style=\"text-align: left;\">SAS au capital de 10 069 020 \u20ac<\/p>\n<p style=\"text-align: left;\">RCS Lille M\u00e9tropole 424 761 419 00045<\/p>\n<p style=\"text-align: left;\">Code APE 2620Z<\/p>\n<p style=\"text-align: left;\">N\u00b0 TVA : FR 22 424 761 419<\/p>\n<p style=\"text-align: left;\">Si\u00e8ge social : 2 rue Kellermann \u2013 59100 Roubaix \u2013 France<\/p>\n<p>&nbsp;<\/p>\n<h3 style=\"text-align: left;\">Droit de reproduction<\/h3>\n<p style=\"text-align: left;\">En application de la loi du 11 mars 1957 (art. 41) et du code de la propri\u00e9t\u00e9 intellectuelle du 1er juillet 1992: L\u2019ensemble des textes, illustrations, photographies, plans, dessins, animations, vid\u00e9os, sons et contenus sur ce site internet ne peuvent \u00eatre utilis\u00e9s ou reproduits sans obtention de l\u2019autorisation de l\u2019\u00e9diteur. Pour toute demande de reproduction ou d\u2019utilisation d\u2019\u00e9l\u00e9ments contenus sur le site internet creation-boutiques.fr : patrice@creation-boutiques.fr<\/p>\n<p>&nbsp;<\/p>\n<h3 style=\"text-align: left;\">Confidentialit\u00e9<\/h3>\n<p style=\"text-align: left;\">Conform\u00e9ment \u00e0 la loi du 6 janvier 1978 relative \u00e0 l\u2019informatique, aux fichiers et aux libert\u00e9s, ce site a fait l\u2019objet d\u2019une d\u00e9claration aupr\u00e8s de la Commission Nationale Informatique et Libert\u00e9s. Pour toute collecte d\u2019informations priv\u00e9es via des formulaires pr\u00e9sents sur ce site, vous disposez d\u2019un droit d\u2019acc\u00e8s, de modification, de rectification et de suppression des donn\u00e9es qui vous concernent. Pour l\u2019exercer, adressez-vous aux coordonn\u00e9es mentionn\u00e9es ci-dessus.<\/p>\n<p style=\"text-align: left;\"><u>Lien vers notre politique de confidentialit\u00e9<\/u><\/p>\n<p>&nbsp;<\/p>\n<h3 style=\"text-align: left;\">Information concernant les formulaires du site<\/h3>\n<p style=\"text-align: left;\">Les informations recueillies sur ce formulaire sont enregistr\u00e9es dans un fichier informatis\u00e9 par CAP &#8211; Cr\u00e9ation boutiques pour la gestion de nos prospects ainsi que toute demande d\u2019information \u00e9manant d\u2019un dirigeant d\u2019entreprise.<br \/>\nElles sont conserv\u00e9es pendant 2 ans et sont destin\u00e9es au service marketing, commercial et communication de l\u2019agence \u00e9tablis en France.<br \/>\nConform\u00e9ment \u00e0 la loi \u00ab informatique et libert\u00e9s \u00bb , vous pouvez exercer votre droit d\u2019acc\u00e8s aux donn\u00e9es vous concernant et les faire rectifier en contactant : CAP, All\u00e9e du 09 novembre 1989 \u2013 ZA de la Garde \u2013 Bat 2 \u2013 49240 Avrill\u00e9 \u2013 patrice@creation-boutiques.fr<\/p>\n<p style=\"text-align: left;\">Nous vous informons de l\u2019existence de la liste d\u2019opposition au d\u00e9marchage t\u00e9l\u00e9phonique \u00ab Bloctel \u00bb, sur laquelle vous pouvez vous inscrire ici : https:\/\/conso.bloctel.fr\/<\/p>\n<p>&nbsp;<\/p>\n<h3 style=\"text-align: left;\">Recueil d&rsquo;informations<\/h3>\n<div id=\"content\" class=\"page-content\" style=\"text-align: left;\">\n<p>Toutes les informations recueillies sur ce site sont destin\u00e9es \u00e0 \u00ab CAP \u00bb Vous disposez d\u2019un droit d\u2019acc\u00e8s, de modification, de rectification et de suppression des donn\u00e9es vous concernant (art. 34 de la loi \u00ab Informatique et Libert\u00e9s \u00bb du 6 janvier 1978). Pour toute demande, envoyez un mail \u00e0 : patrice@creation-boutiques.fr<br \/>\n<!-- e905aecf5a3826f62cc18d2b4d27ccb1 -->\n<\/div>\n                    <\/div>\n                \n                \n                \n                \n            <\/div>\n                        <div class=\"cap-bg\">\n                <img decoding=\"async\" src=\"https:\/\/www.creation-boutiques.fr\/prestashop\/wp-content\/themes\/cap\/assets\/img\/cap_bg-color.png\" alt=\"logo cap fond\">\n            <\/div>\n        <\/div>\n\n    <\/div>\n<\/section>","protected":false},"excerpt":{"rendered":"","protected":false},"author":1,"featured_media":0,"parent":0,"menu_order":0,"comment_status":"closed","ping_status":"closed","template":"template-grey-bg.php","meta":{"footnotes":""},"class_list":["post-88","page","type-page","status-publish","hentry"],"acf":[],"yoast_head":"<!-- This site is optimized with the Yoast SEO plugin v25.6 - https:\/\/yoast.com\/wordpress\/plugins\/seo\/ -->\n<title>Mentions L\u00e9gales -<\/title>\n<meta name=\"robots\" content=\"index, follow, max-snippet:-1, max-image-preview:large, max-video-preview:-1\" \/>\n<link rel=\"canonical\" href=\"https:\/\/www.creation-boutiques.fr\/prestashop\/mentions-legales\/\" \/>\n<meta property=\"og:locale\" content=\"fr_FR\" \/>\n<meta property=\"og:type\" content=\"article\" \/>\n<meta property=\"og:title\" content=\"Mentions L\u00e9gales -\" \/>\n<meta property=\"og:url\" content=\"https:\/\/www.creation-boutiques.fr\/prestashop\/mentions-legales\/\" \/>\n<meta property=\"article:modified_time\" content=\"2026-01-08T15:00:17+00:00\" \/>\n<meta name=\"twitter:card\" content=\"summary_large_image\" \/>\n<script type=\"application\/ld+json\" class=\"yoast-schema-graph\">{\"@context\":\"https:\/\/schema.org\",\"@graph\":[{\"@type\":\"WebPage\",\"@id\":\"https:\/\/www.creation-boutiques.fr\/prestashop\/mentions-legales\/\",\"url\":\"https:\/\/www.creation-boutiques.fr\/prestashop\/mentions-legales\/\",\"name\":\"Mentions L\u00e9gales -\",\"isPartOf\":{\"@id\":\"https:\/\/www.creation-boutiques.fr\/prestashop\/#website\"},\"datePublished\":\"2022-12-15T09:03:49+00:00\",\"dateModified\":\"2026-01-08T15:00:17+00:00\",\"breadcrumb\":{\"@id\":\"https:\/\/www.creation-boutiques.fr\/prestashop\/mentions-legales\/#breadcrumb\"},\"inLanguage\":\"fr-FR\",\"potentialAction\":[{\"@type\":\"ReadAction\",\"target\":[\"https:\/\/www.creation-boutiques.fr\/prestashop\/mentions-legales\/\"]}]},{\"@type\":\"BreadcrumbList\",\"@id\":\"https:\/\/www.creation-boutiques.fr\/prestashop\/mentions-legales\/#breadcrumb\",\"itemListElement\":[{\"@type\":\"ListItem\",\"position\":1,\"name\":\"Accueil\",\"item\":\"https:\/\/www.creation-boutiques.fr\/prestashop\/\"},{\"@type\":\"ListItem\",\"position\":2,\"name\":\"Mentions L\u00e9gales\"}]},{\"@type\":\"WebSite\",\"@id\":\"https:\/\/www.creation-boutiques.fr\/prestashop\/#website\",\"url\":\"https:\/\/www.creation-boutiques.fr\/prestashop\/\",\"name\":\"\",\"description\":\"Agence de cr\u00e9ation de boutique en ligne PrestaShop 8.0\",\"potentialAction\":[{\"@type\":\"SearchAction\",\"target\":{\"@type\":\"EntryPoint\",\"urlTemplate\":\"https:\/\/www.creation-boutiques.fr\/prestashop\/?s={search_term_string}\"},\"query-input\":{\"@type\":\"PropertyValueSpecification\",\"valueRequired\":true,\"valueName\":\"search_term_string\"}}],\"inLanguage\":\"fr-FR\"}]}<\/script>\n<!-- \/ Yoast SEO plugin. -->","yoast_head_json":{"title":"Mentions L\u00e9gales -","robots":{"index":"index","follow":"follow","max-snippet":"max-snippet:-1","max-image-preview":"max-image-preview:large","max-video-preview":"max-video-preview:-1"},"canonical":"https:\/\/www.creation-boutiques.fr\/prestashop\/mentions-legales\/","og_locale":"fr_FR","og_type":"article","og_title":"Mentions L\u00e9gales -","og_url":"https:\/\/www.creation-boutiques.fr\/prestashop\/mentions-legales\/","article_modified_time":"2026-01-08T15:00:17+00:00","twitter_card":"summary_large_image","schema":{"@context":"https:\/\/schema.org","@graph":[{"@type":"WebPage","@id":"https:\/\/www.creation-boutiques.fr\/prestashop\/mentions-legales\/","url":"https:\/\/www.creation-boutiques.fr\/prestashop\/mentions-legales\/","name":"Mentions L\u00e9gales -","isPartOf":{"@id":"https:\/\/www.creation-boutiques.fr\/prestashop\/#website"},"datePublished":"2022-12-15T09:03:49+00:00","dateModified":"2026-01-08T15:00:17+00:00","breadcrumb":{"@id":"https:\/\/www.creation-boutiques.fr\/prestashop\/mentions-legales\/#breadcrumb"},"inLanguage":"fr-FR","potentialAction":[{"@type":"ReadAction","target":["https:\/\/www.creation-boutiques.fr\/prestashop\/mentions-legales\/"]}]},{"@type":"BreadcrumbList","@id":"https:\/\/www.creation-boutiques.fr\/prestashop\/mentions-legales\/#breadcrumb","itemListElement":[{"@type":"ListItem","position":1,"name":"Accueil","item":"https:\/\/www.creation-boutiques.fr\/prestashop\/"},{"@type":"ListItem","position":2,"name":"Mentions L\u00e9gales"}]},{"@type":"WebSite","@id":"https:\/\/www.creation-boutiques.fr\/prestashop\/#website","url":"https:\/\/www.creation-boutiques.fr\/prestashop\/","name":"","description":"Agence de cr\u00e9ation de boutique en ligne PrestaShop 8.0","potentialAction":[{"@type":"SearchAction","target":{"@type":"EntryPoint","urlTemplate":"https:\/\/www.creation-boutiques.fr\/prestashop\/?s={search_term_string}"},"query-input":{"@type":"PropertyValueSpecification","valueRequired":true,"valueName":"search_term_string"}}],"inLanguage":"fr-FR"}]}},"_links":{"self":[{"href":"https:\/\/www.creation-boutiques.fr\/prestashop\/wp-json\/wp\/v2\/pages\/88","targetHints":{"allow":["GET"]}}],"collection":[{"href":"https:\/\/www.creation-boutiques.fr\/prestashop\/wp-json\/wp\/v2\/pages"}],"about":[{"href":"https:\/\/www.creation-boutiques.fr\/prestashop\/wp-json\/wp\/v2\/types\/page"}],"author":[{"embeddable":true,"href":"https:\/\/www.creation-boutiques.fr\/prestashop\/wp-json\/wp\/v2\/users\/1"}],"replies":[{"embeddable":true,"href":"https:\/\/www.creation-boutiques.fr\/prestashop\/wp-json\/wp\/v2\/comments?post=88"}],"version-history":[{"count":13,"href":"https:\/\/www.creation-boutiques.fr\/prestashop\/wp-json\/wp\/v2\/pages\/88\/revisions"}],"predecessor-version":[{"id":1273,"href":"https:\/\/www.creation-boutiques.fr\/prestashop\/wp-json\/wp\/v2\/pages\/88\/revisions\/1273"}],"wp:attachment":[{"href":"https:\/\/www.creation-boutiques.fr\/prestashop\/wp-json\/wp\/v2\/media?parent=88"}],"curies":[{"name":"wp","href":"https:\/\/api.w.org\/{rel}","templated":true}]}}